{"id":600,"date":"2024-06-26T14:59:56","date_gmt":"2024-06-26T17:59:56","guid":{"rendered":"https:\/\/bailedoaviador.com.br\/?page_id=600"},"modified":"2024-08-29T10:49:53","modified_gmt":"2024-08-29T13:49:53","slug":"o-evento","status":"publish","type":"page","link":"https:\/\/bailedoaviador.com\/en\/o-evento\/","title":{"rendered":"O evento"},"content":{"rendered":"<div data-elementor-type=\"wp-page\" data-elementor-id=\"600\" class=\"elementor elementor-600\" data-elementor-post-type=\"page\">\n\t\t\t\t<div class=\"elementor-element elementor-element-9bf2bb7 e-flex e-con-boxed e-con e-parent\" data-id=\"9bf2bb7\" data-element_type=\"container\" data-settings=\"{&quot;background_background&quot;:&quot;classic&quot;}\">\n\t\t\t\t\t<div class=\"e-con-inner\">\n\t\t\t\t<div class=\"elementor-element elementor-element-ddecd83 elementor-widget elementor-widget-spacer\" data-id=\"ddecd83\" data-element_type=\"widget\" data-widget_type=\"spacer.default\">\n\t\t\t\t<div class=\"elementor-widget-container\">\n\t\t\t\t\t<div class=\"elementor-spacer\">\n\t\t\t<div class=\"elementor-spacer-inner\"><\/div>\n\t\t<\/div>\n\t\t\t\t<\/div>\n\t\t\t\t<\/div>\n\t\t\t\t<div class=\"elementor-element elementor-element-fe809c5 elementor-widget elementor-widget-heading\" data-id=\"fe809c5\" data-element_type=\"widget\" data-widget_type=\"heading.default\">\n\t\t\t\t<div class=\"elementor-widget-container\">\n\t\t\t<h2 class=\"elementor-heading-title elementor-size-default\">O evento<\/h2>\t\t<\/div>\n\t\t\t\t<\/div>\n\t\t\t\t\t<\/div>\n\t\t\t\t<\/div>\n\t\t<div class=\"elementor-element elementor-element-8dfe382 e-flex e-con-boxed e-con e-parent\" data-id=\"8dfe382\" data-element_type=\"container\" data-settings=\"{&quot;background_background&quot;:&quot;classic&quot;}\">\n\t\t\t\t\t<div class=\"e-con-inner\">\n\t\t\t\t<div class=\"elementor-element elementor-element-ae64f66 elementor-widget-mobile__width-initial elementor-widget elementor-widget-text-editor\" data-id=\"ae64f66\" data-element_type=\"widget\" data-widget_type=\"text-editor.default\">\n\t\t\t\t<div class=\"elementor-widget-container\">\n\t\t\t\t\t\t\t<p>Um dos maiores feitos de Alberto Santos-Dumont: o voo com o 14-bis, \u201co mais pesado que o ar\u201d, realizado em 23 de outubro de 1906, no Campo de Bagatelle entrou para a hist\u00f3ria. E, fez com que a data se tornasse fundamental para a avia\u00e7\u00e3o militar brasileira, na qual se comemora o Dia do Aviador e o Dia da For\u00e7a A\u00e9rea Brasileira (FAB).<\/p>\n<p>O Baile do Aviador \u00e9 um evento de congra\u00e7amento entre oficiais da For\u00e7a A\u00e9rea Brasileira (FAB), que conta, tamb\u00e9m, com a participa\u00e7\u00e3o de membros da sociedade civil por ocasi\u00e3o das festividades alusivas ao Dia da FAB e do Aviador, comemorado no dia 23\/10.<\/p>\n<p>Em 2024, o Primeiro Comando A\u00e9reo Regional \u2013 I COMAR tem a miss\u00e3o de fazer jus \u00e0 mem\u00f3ria que foi constru\u00edda ao longo desses anos. Estamos planejando cada detalhe para que todos possam viver uma experi\u00eancia inesquec\u00edvel.<\/p>\n<p>Teremos uma gastronomia incr\u00edvel, entretenimento, boas energias e as melhores bandas para a trilha sonora da nossa festa.<\/p>\n<p>Os sentimentos, lembran\u00e7as e amigos n\u00e3o sair\u00e3o das nossas mentes e cora\u00e7\u00f5es. E no pr\u00f3ximo ano n\u00e3o vai faltar a vontade de viver tudo novamente.<\/p>\n<p>Ser\u00e1 uma honra t\u00ea-los conosco para contribuir com parte dessa hist\u00f3ria e vivermos momentos inesquec\u00edveis!<\/p>\n<p><\/p>\n<p>Vamos voar juntos!<\/p>\t\t\t\t\t\t<\/div>\n\t\t\t\t<\/div>\n\t\t\t\t\t<\/div>\n\t\t\t\t<\/div>\n\t\t\t\t<\/div>","protected":false},"excerpt":{"rendered":"<p>O evento Um dos maiores feitos de Alberto Santos-Dumont: o voo com o 14-bis, \u201co mais pesado que o ar\u201d, realizado em 23 de outubro de 1906, no Campo de Bagatelle entrou para a hist\u00f3ria. E, fez com que a data se tornasse fundamental para a avia\u00e7\u00e3o militar brasileira, na qual se comemora o Dia [&hellip;]<\/p>","protected":false},"author":1,"featured_media":0,"parent":0,"menu_order":0,"comment_status":"closed","ping_status":"closed","template":"","meta":{"footnotes":""},"class_list":["post-600","page","type-page","status-publish","hentry"],"yoast_head":"<!-- This site is optimized with the Yoast SEO plugin v23.5 - https:\/\/yoast.com\/wordpress\/plugins\/seo\/ -->\n<title>BAILE DO AVIADOR 2024<\/title>\n<meta name=\"robots\" content=\"index, follow, max-snippet:-1, max-image-preview:large, max-video-preview:-1\" \/>\n<link rel=\"canonical\" href=\"https:\/\/bailedoaviador.com\/en\/o-evento\/\" \/>\n<meta property=\"og:locale\" content=\"en_US\" \/>\n<meta property=\"og:type\" content=\"article\" \/>\n<meta property=\"og:title\" content=\"BAILE DO AVIADOR 2024\" \/>\n<meta property=\"og:description\" content=\"O evento Um dos maiores feitos de Alberto Santos-Dumont: o voo com o 14-bis, \u201co mais pesado que o ar\u201d, realizado em 23 de outubro de 1906, no Campo de Bagatelle entrou para a hist\u00f3ria. E, fez com que a data se tornasse fundamental para a avia\u00e7\u00e3o militar brasileira, na qual se comemora o Dia [&hellip;]\" \/>\n<meta property=\"og:url\" content=\"https:\/\/bailedoaviador.com\/en\/o-evento\/\" \/>\n<meta property=\"og:site_name\" content=\"BAILE DO AVIADOR 2025\" \/>\n<meta property=\"article:modified_time\" content=\"2024-08-29T13:49:53+00:00\" \/>\n<meta name=\"twitter:card\" content=\"summary_large_image\" \/>\n<meta name=\"twitter:label1\" content=\"Est. reading time\" \/>\n\t<meta name=\"twitter:data1\" content=\"2 minutes\" \/>\n<script type=\"application\/ld+json\" class=\"yoast-schema-graph\">{\"@context\":\"https:\/\/schema.org\",\"@graph\":[{\"@type\":\"WebPage\",\"@id\":\"https:\/\/bailedoaviador.com\/o-evento\/\",\"url\":\"https:\/\/bailedoaviador.com\/o-evento\/\",\"name\":\"BAILE DO AVIADOR 2024\",\"isPartOf\":{\"@id\":\"https:\/\/bailedoaviador.com\/#website\"},\"datePublished\":\"2024-06-26T17:59:56+00:00\",\"dateModified\":\"2024-08-29T13:49:53+00:00\",\"breadcrumb\":{\"@id\":\"https:\/\/bailedoaviador.com\/o-evento\/#breadcrumb\"},\"inLanguage\":\"en-US\",\"potentialAction\":[{\"@type\":\"ReadAction\",\"target\":[\"https:\/\/bailedoaviador.com\/o-evento\/\"]}]},{\"@type\":\"BreadcrumbList\",\"@id\":\"https:\/\/bailedoaviador.com\/o-evento\/#breadcrumb\",\"itemListElement\":[{\"@type\":\"ListItem\",\"position\":1,\"name\":\"In\u00edcio\",\"item\":\"https:\/\/bailedoaviador.com\/\"},{\"@type\":\"ListItem\",\"position\":2,\"name\":\"O evento\"}]},{\"@type\":\"WebSite\",\"@id\":\"https:\/\/bailedoaviador.com\/#website\",\"url\":\"https:\/\/bailedoaviador.com\/\",\"name\":\"BAILE DO AVIADOR 2024\",\"description\":\"******\",\"publisher\":{\"@id\":\"https:\/\/bailedoaviador.com\/#organization\"},\"alternateName\":\"BAILE DO AVIADOR 2024\",\"potentialAction\":[{\"@type\":\"SearchAction\",\"target\":{\"@type\":\"EntryPoint\",\"urlTemplate\":\"https:\/\/bailedoaviador.com\/?s={search_term_string}\"},\"query-input\":{\"@type\":\"PropertyValueSpecification\",\"valueRequired\":true,\"valueName\":\"search_term_string\"}}],\"inLanguage\":\"en-US\"},{\"@type\":\"Organization\",\"@id\":\"https:\/\/bailedoaviador.com\/#organization\",\"name\":\"BAILE DO AVIADOR 2024\",\"alternateName\":\"BAILE DO AVIADOR\",\"url\":\"https:\/\/bailedoaviador.com\/\",\"logo\":{\"@type\":\"ImageObject\",\"inLanguage\":\"en-US\",\"@id\":\"https:\/\/bailedoaviador.com\/#\/schema\/logo\/image\/\",\"url\":\"https:\/\/bailedoaviador.com\/wp-content\/uploads\/2024\/06\/baile-do-aviador.png\",\"contentUrl\":\"https:\/\/bailedoaviador.com\/wp-content\/uploads\/2024\/06\/baile-do-aviador.png\",\"width\":447,\"height\":318,\"caption\":\"BAILE DO AVIADOR 2024\"},\"image\":{\"@id\":\"https:\/\/bailedoaviador.com\/#\/schema\/logo\/image\/\"}}]}<\/script>\n<!-- \/ Yoast SEO plugin. -->","yoast_head_json":{"title":"BAILE DO AVIADOR 2024","robots":{"index":"index","follow":"follow","max-snippet":"max-snippet:-1","max-image-preview":"max-image-preview:large","max-video-preview":"max-video-preview:-1"},"canonical":"https:\/\/bailedoaviador.com\/en\/o-evento\/","og_locale":"en_US","og_type":"article","og_title":"BAILE DO AVIADOR 2024","og_description":"O evento Um dos maiores feitos de Alberto Santos-Dumont: o voo com o 14-bis, \u201co mais pesado que o ar\u201d, realizado em 23 de outubro de 1906, no Campo de Bagatelle entrou para a hist\u00f3ria. E, fez com que a data se tornasse fundamental para a avia\u00e7\u00e3o militar brasileira, na qual se comemora o Dia [&hellip;]","og_url":"https:\/\/bailedoaviador.com\/en\/o-evento\/","og_site_name":"BAILE DO AVIADOR 2025","article_modified_time":"2024-08-29T13:49:53+00:00","twitter_card":"summary_large_image","twitter_misc":{"Est. reading time":"2 minutes"},"schema":{"@context":"https:\/\/schema.org","@graph":[{"@type":"WebPage","@id":"https:\/\/bailedoaviador.com\/o-evento\/","url":"https:\/\/bailedoaviador.com\/o-evento\/","name":"BAILE DO AVIADOR 2024","isPartOf":{"@id":"https:\/\/bailedoaviador.com\/#website"},"datePublished":"2024-06-26T17:59:56+00:00","dateModified":"2024-08-29T13:49:53+00:00","breadcrumb":{"@id":"https:\/\/bailedoaviador.com\/o-evento\/#breadcrumb"},"inLanguage":"en-US","potentialAction":[{"@type":"ReadAction","target":["https:\/\/bailedoaviador.com\/o-evento\/"]}]},{"@type":"BreadcrumbList","@id":"https:\/\/bailedoaviador.com\/o-evento\/#breadcrumb","itemListElement":[{"@type":"ListItem","position":1,"name":"In\u00edcio","item":"https:\/\/bailedoaviador.com\/"},{"@type":"ListItem","position":2,"name":"O evento"}]},{"@type":"WebSite","@id":"https:\/\/bailedoaviador.com\/#website","url":"https:\/\/bailedoaviador.com\/","name":"BAILE DO AVIADOR 2024","description":"******","publisher":{"@id":"https:\/\/bailedoaviador.com\/#organization"},"alternateName":"BAILE DO AVIADOR 2024","potentialAction":[{"@type":"SearchAction","target":{"@type":"EntryPoint","urlTemplate":"https:\/\/bailedoaviador.com\/?s={search_term_string}"},"query-input":{"@type":"PropertyValueSpecification","valueRequired":true,"valueName":"search_term_string"}}],"inLanguage":"en-US"},{"@type":"Organization","@id":"https:\/\/bailedoaviador.com\/#organization","name":"BAILE DO AVIADOR 2024","alternateName":"BAILE DO AVIADOR","url":"https:\/\/bailedoaviador.com\/","logo":{"@type":"ImageObject","inLanguage":"en-US","@id":"https:\/\/bailedoaviador.com\/#\/schema\/logo\/image\/","url":"https:\/\/bailedoaviador.com\/wp-content\/uploads\/2024\/06\/baile-do-aviador.png","contentUrl":"https:\/\/bailedoaviador.com\/wp-content\/uploads\/2024\/06\/baile-do-aviador.png","width":447,"height":318,"caption":"BAILE DO AVIADOR 2024"},"image":{"@id":"https:\/\/bailedoaviador.com\/#\/schema\/logo\/image\/"}}]}},"_links":{"self":[{"href":"https:\/\/bailedoaviador.com\/en\/wp-json\/wp\/v2\/pages\/600","targetHints":{"allow":["GET"]}}],"collection":[{"href":"https:\/\/bailedoaviador.com\/en\/wp-json\/wp\/v2\/pages"}],"about":[{"href":"https:\/\/bailedoaviador.com\/en\/wp-json\/wp\/v2\/types\/page"}],"author":[{"embeddable":true,"href":"https:\/\/bailedoaviador.com\/en\/wp-json\/wp\/v2\/users\/1"}],"replies":[{"embeddable":true,"href":"https:\/\/bailedoaviador.com\/en\/wp-json\/wp\/v2\/comments?post=600"}],"version-history":[{"count":0,"href":"https:\/\/bailedoaviador.com\/en\/wp-json\/wp\/v2\/pages\/600\/revisions"}],"wp:attachment":[{"href":"https:\/\/bailedoaviador.com\/en\/wp-json\/wp\/v2\/media?parent=600"}],"curies":[{"name":"wp","href":"https:\/\/api.w.org\/{rel}","templated":true}]}}